{"id":91,"date":"2024-03-31T07:19:35","date_gmt":"2024-03-31T07:19:35","guid":{"rendered":"https:\/\/moccaeditorial.cl\/index.php\/contact\/"},"modified":"2024-03-31T07:19:35","modified_gmt":"2024-03-31T07:19:35","slug":"contact","status":"publish","type":"page","link":"https:\/\/moccaeditorial.cl\/index.php\/contact\/","title":{"rendered":"Contact"},"content":{"rendered":"<style>.kb-row-layout-id16382_d84fc7-40 > .kt-row-column-wrap{align-content:start;}:where(.kb-row-layout-id16382_d84fc7-40 > .kt-row-column-wrap) > .wp-block-kadence-column{justify-content:start;}.kb-row-layout-id16382_d84fc7-40 > .kt-row-column-wrap{column-gap:var(--global-kb-gap-md, 2rem);row-gap:var(--global-kb-gap-none, 0rem );max-width:var( --global-content-width, 1290px );padding-left:var(--global-content-edge-padding);padding-right:var(--global-content-edge-padding);padding-top:220px;padding-bottom:80px;grid-template-columns:minmax(0, 1fr);}.kb-row-layout-id16382_d84fc7-40 > .kt-row-layout-overlay{opacity:0.30;}.kb-row-layout-id16382_d84fc7-40{z-index:1475;position:relative;}.kb-row-layout-id16382_d84fc7-40 .kt-row-layout-bottom-sep{height:100px;}.kb-row-layout-id16382_d84fc7-40 .kt-row-layout-bottom-sep svg{width:100%;}.kb-row-layout-id16382_d84fc7-40 .kt-row-layout-bottom-sep svg{fill:#ffffff!important;}@media all and (max-width: 1024px){.kb-row-layout-id16382_d84fc7-40 > .kt-row-column-wrap{grid-template-columns:minmax(0, 1fr);}}@media all and (max-width: 1024px){.kb-row-layout-id16382_d84fc7-40 .kt-row-layout-bottom-sep{height:px;}}@media all and (max-width: 1024px){.kb-row-layout-id16382_d84fc7-40 .kt-row-layout-bottom-sep svg{width:%;}}@media all and (max-width: 767px){.kb-row-layout-id16382_d84fc7-40 > .kt-row-column-wrap{grid-template-columns:minmax(0, 1fr);}.kb-row-layout-id16382_d84fc7-40 .kt-row-layout-bottom-sep{height:px;}.kb-row-layout-id16382_d84fc7-40 .kt-row-layout-bottom-sep svg{width:%;}}.kb-row-layout-id16382_d84fc7-40 {z-index: 10;}<\/style><div class=\"kb-row-layout-wrap kb-row-layout-id16382_d84fc7-40 alignfull has-theme-palette7-background-color kt-row-has-bg wp-block-kadence-rowlayout\"><div class=\"kt-row-column-wrap kt-has-1-columns kt-row-layout-equal kt-tab-layout-inherit kt-mobile-layout-row kt-row-valign-top kb-theme-content-width\">\n<style>.kadence-column16382_ca6afc-2d > .kt-inside-inner-col,.kadence-column16382_ca6afc-2d > .kt-inside-inner-col:before{border-top-left-radius:0px;border-top-right-radius:0px;border-bottom-right-radius:0px;border-bottom-left-radius:0px;}.kadence-column16382_ca6afc-2d > .kt-inside-inner-col{column-gap:var(--global-kb-gap-sm, 1rem);}.kadence-column16382_ca6afc-2d > .kt-inside-inner-col{flex-direction:column;}.kadence-column16382_ca6afc-2d > .kt-inside-inner-col > .aligncenter{width:100%;}.kadence-column16382_ca6afc-2d > .kt-inside-inner-col:before{opacity:0.3;}.kadence-column16382_ca6afc-2d{position:relative;}@media all and (max-width: 1024px){.kadence-column16382_ca6afc-2d > .kt-inside-inner-col{flex-direction:column;}}@media all and (max-width: 767px){.kadence-column16382_ca6afc-2d > .kt-inside-inner-col{flex-direction:column;}}<\/style>\n<div class=\"wp-block-kadence-column kadence-column16382_ca6afc-2d inner-column-1\"><div class=\"kt-inside-inner-col\"><style>.wp-block-kadence-advancedheading.kt-adv-heading16382_e3c045-13, .wp-block-kadence-advancedheading.kt-adv-heading16382_e3c045-13[data-kb-block=\"kb-adv-heading16382_e3c045-13\"]{margin-top:0px;margin-bottom:var(--global-kb-spacing-md, 2rem);text-align:center;font-size:var(--global-kb-font-size-md, 1.25rem);line-height:1.3;font-style:normal;}.wp-block-kadence-advancedheading.kt-adv-heading16382_e3c045-13 mark, .wp-block-kadence-advancedheading.kt-adv-heading16382_e3c045-13[data-kb-block=\"kb-adv-heading16382_e3c045-13\"] mark{font-style:normal;color:#f76a0c;padding-top:0px;padding-right:0px;padding-bottom:0px;padding-left:0px;}@media all and (max-width: 1024px){.wp-block-kadence-advancedheading.kt-adv-heading16382_e3c045-13, .wp-block-kadence-advancedheading.kt-adv-heading16382_e3c045-13[data-kb-block=\"kb-adv-heading16382_e3c045-13\"]{font-size:var(--global-kb-font-size-md, 1.25rem);line-height:1.3;}}@media all and (max-width: 767px){.wp-block-kadence-advancedheading.kt-adv-heading16382_e3c045-13, .wp-block-kadence-advancedheading.kt-adv-heading16382_e3c045-13[data-kb-block=\"kb-adv-heading16382_e3c045-13\"]{font-size:var(--global-kb-font-size-md, 1.25rem);line-height:1.3;}}<\/style>\n<p class=\"kt-adv-heading16382_e3c045-13 wp-block-kadence-advancedheading has-theme-palette-3-color has-text-color\" data-kb-block=\"kb-adv-heading16382_e3c045-13\">Nuestra ubicaci\u00f3n<\/p>\n\n\n<style>.wp-block-kadence-advancedheading.kt-adv-heading16382_e55979-90, .wp-block-kadence-advancedheading.kt-adv-heading16382_e55979-90[data-kb-block=\"kb-adv-heading16382_e55979-90\"]{max-width:960px;margin-right:auto;margin-left:auto;margin-top:0em;margin-bottom:var(--global-kb-spacing-5xl, 10rem);text-align:center;font-size:var(--global-kb-font-size-xl, 3rem);line-height:1.3;font-style:normal;}.wp-block-kadence-advancedheading.kt-adv-heading16382_e55979-90 mark, .wp-block-kadence-advancedheading.kt-adv-heading16382_e55979-90[data-kb-block=\"kb-adv-heading16382_e55979-90\"] mark{font-style:normal;color:#f76a0c;padding-top:0px;padding-right:0px;padding-bottom:0px;padding-left:0px;}@media all and (max-width: 1024px){.wp-block-kadence-advancedheading.kt-adv-heading16382_e55979-90, .wp-block-kadence-advancedheading.kt-adv-heading16382_e55979-90[data-kb-block=\"kb-adv-heading16382_e55979-90\"]{font-size:var(--global-kb-font-size-xl, 3rem);line-height:1.3;}}@media all and (max-width: 767px){.wp-block-kadence-advancedheading.kt-adv-heading16382_e55979-90, .wp-block-kadence-advancedheading.kt-adv-heading16382_e55979-90[data-kb-block=\"kb-adv-heading16382_e55979-90\"]{font-size:var(--global-kb-font-size-xl, 3rem);line-height:1.3;}}<\/style>\n<h2 class=\"kt-adv-heading16382_e55979-90 wp-block-kadence-advancedheading has-theme-palette-3-color has-text-color\" data-kb-block=\"kb-adv-heading16382_e55979-90\">Mocca Editorial solo est\u00e1 disponible en l\u00ednea en este momento.<\/h2>\n\n\n<style>.wp-block-kadence-advancedheading.kt-adv-heading16382_a99579-45, .wp-block-kadence-advancedheading.kt-adv-heading16382_a99579-45[data-kb-block=\"kb-adv-heading16382_a99579-45\"]{display:block;text-align:center;font-size:var(--global-kb-font-size-lg, 2rem);line-height:1.4;font-style:normal;}.wp-block-kadence-advancedheading.kt-adv-heading16382_a99579-45 mark, .wp-block-kadence-advancedheading.kt-adv-heading16382_a99579-45[data-kb-block=\"kb-adv-heading16382_a99579-45\"] mark{font-style:normal;color:#f76a0c;padding-top:0px;padding-right:0px;padding-bottom:0px;padding-left:0px;}@media all and (max-width: 1024px){.wp-block-kadence-advancedheading.kt-adv-heading16382_a99579-45, .wp-block-kadence-advancedheading.kt-adv-heading16382_a99579-45[data-kb-block=\"kb-adv-heading16382_a99579-45\"]{font-size:var(--global-kb-font-size-lg, 2rem);}}@media all and (max-width: 767px){.wp-block-kadence-advancedheading.kt-adv-heading16382_a99579-45, .wp-block-kadence-advancedheading.kt-adv-heading16382_a99579-45[data-kb-block=\"kb-adv-heading16382_a99579-45\"]{font-size:var(--global-kb-font-size-lg, 2rem);}}<\/style>\n<span class=\"kt-adv-heading16382_a99579-45 mw900 wp-block-kadence-advancedheading\" data-kb-block=\"kb-adv-heading16382_a99579-45\">1234 N Street<br>City, State, Country<\/span>\n\n\n<style>.wp-block-kadence-advancedbtn.kt-btns16382_14f96f-27, .site .entry-content .wp-block-kadence-advancedbtn.kt-btns16382_14f96f-27, .wp-block-kadence-advancedbtn.kb-btns16382_14f96f-27, .site .entry-content .wp-block-kadence-advancedbtn.kb-btns16382_14f96f-27{margin-top:var(--global-kb-spacing-lg, 3rem);}.wp-block-kadence-advancedbtn.kb-btns16382_14f96f-27{gap:var(--global-kb-gap-xs, 0.5rem );justify-content:center;align-items:center;}.kt-btns16382_14f96f-27 .kt-button{font-weight:normal;font-style:normal;}<\/style>\n<div class=\"wp-block-kadence-advancedbtn kb-buttons-wrap kb-btns16382_14f96f-27\"><style>ul.menu .wp-block-kadence-advancedbtn .kb-btn16382_3c1357-54.kb-button{width:initial;}.wp-block-kadence-advancedbtn .kb-btn16382_3c1357-54.kb-button{color:var(--global-palette2, #2B6CB0);border-top-left-radius:0px;border-top-right-radius:0px;border-bottom-right-radius:0px;border-bottom-left-radius:0px;border-top:2px solid var(--global-palette2, #2B6CB0);border-right:2px solid var(--global-palette2, #2B6CB0);border-bottom:2px solid var(--global-palette2, #2B6CB0);border-left:2px solid var(--global-palette2, #2B6CB0);padding-right:var(--global-kb-spacing-sm, 1.5rem);padding-left:var(--global-kb-spacing-sm, 1.5rem);}.wp-block-kadence-advancedbtn .kb-btn16382_3c1357-54.kb-button:hover{color:var(--global-palette9, #ffffff);background:var(--global-palette1, #3182CE);border-top-color:var(--global-palette1, #3182CE);border-top-style:solid;border-right-color:var(--global-palette1, #3182CE);border-right-style:solid;border-bottom-color:var(--global-palette1, #3182CE);border-bottom-style:solid;border-left-color:var(--global-palette1, #3182CE);border-left-style:solid;}@media all and (max-width: 1024px){.wp-block-kadence-advancedbtn .kb-btn16382_3c1357-54.kb-button{border-top:2px solid var(--global-palette2, #2B6CB0);border-right:2px solid var(--global-palette2, #2B6CB0);border-bottom:2px solid var(--global-palette2, #2B6CB0);border-left:2px solid var(--global-palette2, #2B6CB0);}}@media all and (max-width: 1024px){.wp-block-kadence-advancedbtn .kb-btn16382_3c1357-54.kb-button:hover{border-top-color:var(--global-palette1, #3182CE);border-top-style:solid;border-right-color:var(--global-palette1, #3182CE);border-right-style:solid;border-bottom-color:var(--global-palette1, #3182CE);border-bottom-style:solid;border-left-color:var(--global-palette1, #3182CE);border-left-style:solid;}}@media all and (max-width: 1024px){.kb-btn16382_3c1357-54.kb-button .kb-svg-icon-wrap{display:block;}}@media all and (max-width: 767px){.wp-block-kadence-advancedbtn .kb-btn16382_3c1357-54.kb-button{border-top:2px solid var(--global-palette2, #2B6CB0);border-right:2px solid var(--global-palette2, #2B6CB0);border-bottom:2px solid var(--global-palette2, #2B6CB0);border-left:2px solid var(--global-palette2, #2B6CB0);}.wp-block-kadence-advancedbtn .kb-btn16382_3c1357-54.kb-button:hover{border-top-color:var(--global-palette1, #3182CE);border-top-style:solid;border-right-color:var(--global-palette1, #3182CE);border-right-style:solid;border-bottom-color:var(--global-palette1, #3182CE);border-bottom-style:solid;border-left-color:var(--global-palette1, #3182CE);border-left-style:solid;}}<\/style><span class=\"kb-button kt-button button kb-btn16382_3c1357-54 kt-btn-size-standard kt-btn-width-type-auto kb-btn-global-outline kt-btn-has-text-true kt-btn-has-svg-false wp-block-kadence-singlebtn\"><span class=\"kt-btn-inner-text\">View Map<\/span><\/span><\/div>\n<\/div><\/div>\n\n<\/div><\/div><style>.kb-row-layout-id16384_b0569d-dd > .kt-row-column-wrap{align-content:start;}:where(.kb-row-layout-id16384_b0569d-dd > .kt-row-column-wrap) > .wp-block-kadence-column{justify-content:start;}.kb-row-layout-id16384_b0569d-dd > .kt-row-column-wrap{column-gap:var(--global-kb-gap-md, 2rem);row-gap:var(--global-kb-gap-md, 2rem);max-width:960px;margin-left:auto;margin-right:auto;padding-top:var(--global-kb-spacing-xl, 4rem);padding-bottom:var(--global-kb-spacing-xl, 4rem);grid-template-columns:minmax(0, 1fr);}.kb-row-layout-id16384_b0569d-dd > .kt-row-layout-overlay{opacity:0.30;}@media all and (max-width: 1024px){.kb-row-layout-id16384_b0569d-dd > .kt-row-column-wrap{grid-template-columns:minmax(0, 1fr);}}@media all and (max-width: 767px){.kb-row-layout-id16384_b0569d-dd > .kt-row-column-wrap{grid-template-columns:minmax(0, 1fr);}}<\/style><div class=\"kb-row-layout-wrap kb-row-layout-id16384_b0569d-dd alignfull has-theme-palette7-background-color kt-row-has-bg wp-block-kadence-rowlayout\"><div class=\"kt-row-column-wrap kt-has-1-columns kt-row-layout-equal kt-tab-layout-inherit kt-mobile-layout-row kt-row-valign-top\">\n<style>.kadence-column16384_839ee8-3e > .kt-inside-inner-col,.kadence-column16384_839ee8-3e > .kt-inside-inner-col:before{border-top-left-radius:0px;border-top-right-radius:0px;border-bottom-right-radius:0px;border-bottom-left-radius:0px;}.kadence-column16384_839ee8-3e > .kt-inside-inner-col{column-gap:var(--global-kb-gap-sm, 1rem);}.kadence-column16384_839ee8-3e > .kt-inside-inner-col{flex-direction:column;}.kadence-column16384_839ee8-3e > .kt-inside-inner-col > .aligncenter{width:100%;}.kadence-column16384_839ee8-3e > .kt-inside-inner-col:before{opacity:0.3;}.kadence-column16384_839ee8-3e{position:relative;}@media all and (max-width: 1024px){.kadence-column16384_839ee8-3e > .kt-inside-inner-col{flex-direction:column;}}@media all and (max-width: 767px){.kadence-column16384_839ee8-3e > .kt-inside-inner-col{flex-direction:column;}}<\/style>\n<div class=\"wp-block-kadence-column kadence-column16384_839ee8-3e\"><div class=\"kt-inside-inner-col\"><style>.wp-block-kadence-advancedheading.kt-adv-heading16384_1c30d9-83, .wp-block-kadence-advancedheading.kt-adv-heading16384_1c30d9-83[data-kb-block=\"kb-adv-heading16384_1c30d9-83\"]{max-width:70%;margin-right:auto;margin-left:auto;margin-bottom:var(--global-kb-spacing-xl, 4rem);text-align:center;font-size:40px;line-height:1.4;font-style:normal;}.wp-block-kadence-advancedheading.kt-adv-heading16384_1c30d9-83 mark, .wp-block-kadence-advancedheading.kt-adv-heading16384_1c30d9-83[data-kb-block=\"kb-adv-heading16384_1c30d9-83\"] mark{font-style:normal;color:#f76a0c;padding-top:0px;padding-right:0px;padding-bottom:0px;padding-left:0px;}@media all and (max-width: 1024px){.wp-block-kadence-advancedheading.kt-adv-heading16384_1c30d9-83, .wp-block-kadence-advancedheading.kt-adv-heading16384_1c30d9-83[data-kb-block=\"kb-adv-heading16384_1c30d9-83\"]{max-width:80%;font-size:36px;}}@media all and (max-width: 767px){.wp-block-kadence-advancedheading.kt-adv-heading16384_1c30d9-83, .wp-block-kadence-advancedheading.kt-adv-heading16384_1c30d9-83[data-kb-block=\"kb-adv-heading16384_1c30d9-83\"]{max-width:100%;font-size:28px;}}<\/style>\n<h2 class=\"kt-adv-heading16384_1c30d9-83 mw900 wp-block-kadence-advancedheading has-theme-palette-3-color has-text-color\" data-kb-block=\"kb-adv-heading16384_1c30d9-83\">\u00a1Cont\u00e1ctanos!<\/h2>\n\n\n<style>.kadence-form-16384_feb08a-df .kb-form .kadence-blocks-form-field label .required{color:var(--global-palette2, #2B6CB0);}.kadence-form-16384_feb08a-df .kb-form .kadence-blocks-form-field .kb-text-style-field, .kadence-form-16384_feb08a-df .kb-form .kadence-blocks-form-field .kb-select-style-field{color:var(--global-palette2, #2B6CB0);border-radius:0px;border-width:2px 2px 2px 2px;background:var(--global-palette7, #EDF2F7);border-color:var(--global-palette2, #2B6CB0);}.kadence-form-16384_feb08a-df .kb-form .kadence-blocks-form-field > label{color:var(--global-palette2, #2B6CB0);font-size:20px;line-height:23.46px;}.kadence-form-16384_feb08a-df .kb-form .kadence-blocks-form-field.kb-accept-form-field .kb-checkbox-style{font-size:23.46px;height:1em;}.kadence-form-16384_feb08a-df .kb-form .kadence-blocks-form-field .kb-forms-submit{color:#ffffff;border-radius:0px;background:var(--global-palette2, #2B6CB0);}.kadence-form-16384_feb08a-df .kb-form .kadence-blocks-form-field .kb-forms-submit:hover, .kadence-form-16384_feb08a-df .kb-form .kadence-blocks-form-field .kb-forms-submit:focus {background:rgba(37, 59, 53, 0.88);}.kadence-form-16384_feb08a-df .kb-form .kadence-blocks-form-field .kb-forms-submit{line-height:35px;}<\/style>\n<div class=\"wp-block-kadence-form kadence-form-16384_feb08a-df kb-form-wrap\"><form class=\"kb-form\" action=\"\" method=\"post\"><div class=\"kadence-blocks-form-field kb-field-desk-width-100 kb-input-size-standard\"><label for=\"kb_field_16384_feb08a-df_0\">Name<\/label><input name=\"kb_field_0\" id=\"kb_field_16384_feb08a-df_0\" data-label=\"Name\" type=\"text\" placeholder=\"\" value=\"\" data-type=\"text\" class=\"kb-field kb-text-style-field kb-text-field kb-field-0\"\/><\/div><div class=\"kadence-blocks-form-field kb-form-field-1 kb-field-desk-width-100 kb-input-size-standard\"><label for=\"kb_field_16384_feb08a-df_1\">Email<span class=\"required\">*<\/span><\/label><input name=\"kb_field_1\" id=\"kb_field_16384_feb08a-df_1\" data-label=\"Email\" type=\"email\" placeholder=\"\" value=\"\" data-type=\"email\" class=\"kb-field kb-text-style-field kb-email-field kb-field-1\" data-required=\"yes\"\/><\/div><div class=\"kadence-blocks-form-field kb-form-field-2 kb-field-desk-width-100 kb-input-size-standard\"><label for=\"kb_field_16384_feb08a-df_2\">Message<span class=\"required\">*<\/span><\/label><textarea name=\"kb_field_2\" id=\"kb_field_16384_feb08a-df_2\" data-label=\"Message\" type=\"textarea\" placeholder=\"\" data-type=\"textarea\" class=\"kb-field kb-text-style-field kb-textarea-field kb-field-2\" rows=\"4\" data-required=\"yes\"><\/textarea><\/div><input type=\"hidden\" name=\"_kb_form_id\" value=\"16384_feb08a-df\"\/><input type=\"hidden\" name=\"_kb_form_post_id\" value=\"16384\"\/><input type=\"hidden\" name=\"action\" value=\"kb_process_ajax_submit\"\/><input class=\"kadence-blocks-field verify\" type=\"text\" name=\"_kb_verify_email\" autocomplete=\"new-password\" aria-hidden=\"true\" placeholder=\"Email\" tabindex=\"-1\" data-1p-ignore=\"true\" data-lpignore=\"true\" \/><div class=\"kadence-blocks-form-field kb-submit-field kb-field-desk-width-100\"><button class=\"kb-forms-submit button kb-button-size-standard kb-button-width-full\">Submit<\/button><\/div><\/form><\/div>\n<noscript><div class=\"kadence-blocks-form-message kadence-blocks-form-warning\">Activar JavaScript en tu navegador para enviar el formulario<\/div><style>.kadence-form-16384_feb08a-df .kadence-blocks-form-field.kb-submit-field { display: none; }<\/style><\/noscript><\/div><\/div>\n\n<\/div><\/div>","protected":false},"excerpt":{"rendered":"<p>Nuestra ubicaci\u00f3n Mocca Editorial solo est\u00e1 disponible en l\u00ednea en este momento. 1234 N StreetCity, State, Country \u00a1Cont\u00e1ctanos!<\/p>\n","protected":false},"author":1,"featured_media":0,"parent":0,"menu_order":0,"comment_status":"closed","ping_status":"closed","template":"","meta":{"_kadence_starter_templates_imported_post":true,"_kad_post_transparent":"","_kad_post_title":"hide","_kad_post_layout":"fullwidth","_kad_post_sidebar_id":"","_kad_post_content_style":"unboxed","_kad_post_vertical_padding":"hide","_kad_post_feature":"hide","_kad_post_feature_position":"","_kad_post_header":false,"_kad_post_footer":false,"_kad_post_classname":"","footnotes":""},"class_list":["post-91","page","type-page","status-publish","hentry"],"_links":{"self":[{"href":"https:\/\/moccaeditorial.cl\/index.php\/wp-json\/wp\/v2\/pages\/91","targetHints":{"allow":["GET"]}}],"collection":[{"href":"https:\/\/moccaeditorial.cl\/index.php\/wp-json\/wp\/v2\/pages"}],"about":[{"href":"https:\/\/moccaeditorial.cl\/index.php\/wp-json\/wp\/v2\/types\/page"}],"author":[{"embeddable":true,"href":"https:\/\/moccaeditorial.cl\/index.php\/wp-json\/wp\/v2\/users\/1"}],"replies":[{"embeddable":true,"href":"https:\/\/moccaeditorial.cl\/index.php\/wp-json\/wp\/v2\/comments?post=91"}],"version-history":[{"count":0,"href":"https:\/\/moccaeditorial.cl\/index.php\/wp-json\/wp\/v2\/pages\/91\/revisions"}],"wp:attachment":[{"href":"https:\/\/moccaeditorial.cl\/index.php\/wp-json\/wp\/v2\/media?parent=91"}],"curies":[{"name":"wp","href":"https:\/\/api.w.org\/{rel}","templated":true}]}}